{"id":66501,"date":"2025-05-12T20:52:30","date_gmt":"2025-05-12T20:52:30","guid":{"rendered":"https:\/\/www.irondust.eu\/uncategorized\/biotechusa-zero-bar-50g-cappuccino\/"},"modified":"2025-12-25T15:57:31","modified_gmt":"2025-12-25T13:57:31","slug":"biotechusa-zero-bar-50g-cappuccino","status":"publish","type":"product","link":"https:\/\/www.irondust.eu\/en\/protein-bars\/biotechusa-zero-bar-50g-cappuccino\/","title":{"rendered":"BIOTECHUSA Zero bar 50g Cappuccino"},"content":{"rendered":"<p data-start=\"0\" data-end=\"52\"><strong data-start=\"0\" data-end=\"15\">Toote nimi:<\/strong><br data-start=\"15\" data-end=\"18\" \/>BIOTECHUSA Zero Bar 50g Cappuccino<\/p>\n<p data-start=\"54\" data-end=\"430\"><strong data-start=\"54\" data-end=\"74\">Toote kirjeldus:<\/strong><br data-start=\"74\" data-end=\"77\" \/>BiotechUSA Zero Bar cappuccino maitsega \u00fchendab suurep\u00e4raselt kohvi n\u00fcansid ja \u0161okolaadise tekstuuri, pakkudes nauditavat ja toitvat valgubatooni igal ajal. Ilma lisatud suhkruta ja k\u00f5rge valgusisaldusega sobib see suurep\u00e4raselt aktiivsele inimesele, kes soovib oma keha kvaliteetse valguga toetada. Cappuccino maitse lisab igale ampsule kohvinaudingut.<\/p>\n<p data-start=\"432\" data-end=\"706\"><strong data-start=\"432\" data-end=\"471\">Koostis ja soovitused kasutamiseks:<\/strong><br data-start=\"471\" data-end=\"474\" \/>Koostisosad: piimavalgukontsentraat, maltitool (magusaine), p\u00e4evalille\u00f5li, kakaov\u00f5i, l\u00f5hna- ja maitseained (sh kohviaroom), kiudained, magusaine (sukraloos).<br data-start=\"631\" data-end=\"634\" \/>Sobib tarbimiseks vahepalana v\u00f5i treeninguj\u00e4rgse taastumise toetamiseks.<\/p>\n<p data-start=\"708\" data-end=\"819\"><strong data-start=\"708\" data-end=\"738\">P\u00e4evane soovituslik kogus:<\/strong><br data-start=\"738\" data-end=\"741\" \/>1\u20132 batooni p\u00e4evas, s\u00f5ltuvalt toitumisvajadustest ja f\u00fc\u00fcsilisest aktiivsusest.<\/p>\n<p data-start=\"821\" data-end=\"844\"><strong data-start=\"821\" data-end=\"842\">Toote kasulikkus:<\/strong><\/p>\n<ul data-start=\"845\" data-end=\"1038\">\n<li data-start=\"845\" data-end=\"876\">\n<p data-start=\"847\" data-end=\"876\">Kuni 45% kvaliteetset valku<\/p>\n<\/li>\n<li data-start=\"877\" data-end=\"907\">\n<p data-start=\"879\" data-end=\"907\">Ei sisalda lisatud suhkrut<\/p>\n<\/li>\n<li data-start=\"908\" data-end=\"924\">\n<p data-start=\"910\" data-end=\"924\">Gluteenivaba<\/p>\n<\/li>\n<li data-start=\"925\" data-end=\"944\">\n<p data-start=\"927\" data-end=\"944\">Kiudaineterikas<\/p>\n<\/li>\n<li data-start=\"945\" data-end=\"992\">\n<p data-start=\"947\" data-end=\"992\">Aitab kaasa lihaste kasvule ja taastumisele<\/p>\n<\/li>\n<li data-start=\"993\" data-end=\"1038\">\n<p data-start=\"995\" data-end=\"1038\">Mugav kaasa v\u00f5tta t\u00f6\u00f6le, trenni v\u00f5i reisile<\/p>\n<\/li>\n<\/ul>\n<p data-start=\"1040\" data-end=\"1072\"><strong data-start=\"1040\" data-end=\"1051\">Tootja:<\/strong><br data-start=\"1051\" data-end=\"1054\" \/>Ungari, BioTechUSA<\/p>\n<p data-start=\"1074\" data-end=\"1255\"><strong data-start=\"1074\" data-end=\"1086\">Hoiatus:<\/strong><br data-start=\"1086\" data-end=\"1089\" \/>Mitte \u00fcletada p\u00e4evast soovitatavat kogust. Toidulisand ei asenda mitmekesist ja tasakaalustatud toitumist ega tervislikku eluviisi. Hoida lastele k\u00e4ttesaamatus kohas.<\/p>\n<p data-start=\"1257\" data-end=\"1358\" data-is-last-node=\"\" data-is-only-node=\"\"><strong data-start=\"1257\" data-end=\"1358\" data-is-last-node=\"\">BIOTECHUSA Zero Bar 50g Cappuccino osta Eestis. BIOTECHUSA Zero Bar 50g Cappuccino osta Euroopas.<\/strong><\/p>\n","protected":false},"excerpt":{"rendered":"<p>Toote nimi:BIOTECHUSA Zero Bar 50g Cappuccino Toote kirjeldus:BiotechUSA Zero Bar cappuccino maitsega \u00fchendab suurep\u00e4raselt kohvi n\u00fcansid ja \u0161okolaadise tekstuuri, pakkudes<\/p>\n","protected":false},"featured_media":44417,"comment_status":"open","ping_status":"closed","template":"","meta":{"_acf_changed":false},"product_brand":[2584],"product_cat":[5119],"product_tag":[6650],"class_list":{"0":"post-66501","1":"product","2":"type-product","3":"status-publish","4":"has-post-thumbnail","6":"product_brand-biotech-usa","7":"product_cat-protein-bars","8":"product_tag-functional-nutrition-tag","9":"pa_kogda-prinimat-dobavku-after-workout","10":"pa_kogda-prinimat-dobavku-at-any-time","11":"pa_milleks-recovery","12":"pa_paritoluriik-hungary-en","13":"pa_taste-cappuccino-en","14":"pa_tootja-biotechusa-en","15":"pa_valjalaske-vorm-bars","17":"first","18":"outofstock","19":"purchasable","20":"product-type-simple"},"acf":[],"_links":{"self":[{"href":"https:\/\/www.irondust.eu\/en\/wp-json\/wp\/v2\/product\/66501","targetHints":{"allow":["GET"]}}],"collection":[{"href":"https:\/\/www.irondust.eu\/en\/wp-json\/wp\/v2\/product"}],"about":[{"href":"https:\/\/www.irondust.eu\/en\/wp-json\/wp\/v2\/types\/product"}],"replies":[{"embeddable":true,"href":"https:\/\/www.irondust.eu\/en\/wp-json\/wp\/v2\/comments?post=66501"}],"version-history":[{"count":0,"href":"https:\/\/www.irondust.eu\/en\/wp-json\/wp\/v2\/product\/66501\/revisions"}],"wp:featuredmedia":[{"embeddable":true,"href":"https:\/\/www.irondust.eu\/en\/wp-json\/wp\/v2\/media\/44417"}],"wp:attachment":[{"href":"https:\/\/www.irondust.eu\/en\/wp-json\/wp\/v2\/media?parent=66501"}],"wp:term":[{"taxonomy":"product_brand","embeddable":true,"href":"https:\/\/www.irondust.eu\/en\/wp-json\/wp\/v2\/product_brand?post=66501"},{"taxonomy":"product_cat","embeddable":true,"href":"https:\/\/www.irondust.eu\/en\/wp-json\/wp\/v2\/product_cat?post=66501"},{"taxonomy":"product_tag","embeddable":true,"href":"https:\/\/www.irondust.eu\/en\/wp-json\/wp\/v2\/product_tag?post=66501"}],"curies":[{"name":"wp","href":"https:\/\/api.w.org\/{rel}","templated":true}]}}