{"id":67727,"date":"2025-05-12T20:51:58","date_gmt":"2025-05-12T20:51:58","guid":{"rendered":"https:\/\/www.irondust.eu\/uncategorized\/xtend-original-amino-acids-90-servings-arbuus\/"},"modified":"2025-11-15T17:47:51","modified_gmt":"2025-11-15T15:47:51","slug":"xtend-original-amino-acids-90-servings-watermelon","status":"publish","type":"product","link":"https:\/\/www.irondust.eu\/en\/complex-amino-acids\/xtend-original-amino-acids-90-servings-watermelon\/","title":{"rendered":"XTEND Original Amino Acids 90 servings Watermelon"},"content":{"rendered":"<p data-start=\"98\" data-end=\"164\"><strong data-start=\"98\" data-end=\"116\">Toote nimetus:<\/strong><br data-start=\"116\" data-end=\"119\" \/>XTEND Original Amino Acids 90 servings Watermelon<\/p>\n<p data-start=\"166\" data-end=\"199\"><strong data-start=\"166\" data-end=\"175\">Vorm:<\/strong><br data-start=\"175\" data-end=\"178\" \/>Pulber, 90 portsjonit<\/p>\n<p data-start=\"201\" data-end=\"524\"><strong data-start=\"201\" data-end=\"240\">Koostis ja soovitused kasutamiseks XTEND Original Amino Acids 90 servings Arbuus:<\/strong><br data-start=\"240\" data-end=\"243\" \/>Koostisosad (ladina keeles, kahanevas j\u00e4rjestuses massi j\u00e4rgi): <em data-start=\"307\" data-end=\"323\">Acidum malicum<\/em>, <em data-start=\"325\" data-end=\"342\">Acidum citricum<\/em>, <em data-start=\"344\" data-end=\"356\">L-Leucinum<\/em>, <em data-start=\"358\" data-end=\"372\">L-Glutaminum<\/em>, <em data-start=\"374\" data-end=\"389\">L-Isoleucinum<\/em>, <em data-start=\"391\" data-end=\"402\">L-Valinum<\/em>, <em data-start=\"404\" data-end=\"422\">Natrii chloridum<\/em>, <em data-start=\"424\" data-end=\"441\">Aroma naturalis<\/em>, <em data-start=\"443\" data-end=\"460\">Kalii chloridum<\/em>, <em data-start=\"462\" data-end=\"474\">Sucralosum<\/em>, <em data-start=\"476\" data-end=\"494\">Silicii dioxidum<\/em>, <em data-start=\"496\" data-end=\"523\">Colorans (Beta-carotenum)<\/em>.<\/p>\n<p data-start=\"526\" data-end=\"997\">XTEND Original on k\u00f5rge kvaliteediga aminohapete kompleks, mis sisaldab 7 grammi BCAA-sid (L-leutsiin, L-isoleutsiin, L-valiin) optimaalses vahekorras 2:1:1. Lisaks sisaldab see L-glutamiini ja olulisi elektrol\u00fc\u00fcte \u2013 naatriumi ja kaaliumi \u2013, mis toetavad keha vedelikutasakaalu ning aitavad kaasa lihaste t\u00f6\u00f6v\u00f5ime s\u00e4ilitamisele. Toode on v\u00e4lja t\u00f6\u00f6tatud spetsiaalselt sportlastele ja aktiivse eluviisiga inimestele, kes soovivad parandada taastumist ja toetada lihaskasvu.<\/p>\n<p data-start=\"999\" data-end=\"1263\">Kasutamine: sega 1 kulbit\u00e4is (umbes 13 grammi) pulbrit 300\u2013500 ml k\u00fclma veega. Tarbi enne treeningut, selle ajal v\u00f5i vahetult p\u00e4rast seda. V\u00f5ib kasutada ka treeninguv\u00e4lisel ajal, et toetada lihaste taastumist ja h\u00fcdreerimist. Toode sobib igap\u00e4evaseks kasutamiseks.<\/p>\n<p data-start=\"1265\" data-end=\"1371\"><strong data-start=\"1265\" data-end=\"1290\">P\u00e4evane tarbimisnorm:<\/strong><br data-start=\"1290\" data-end=\"1293\" \/>Soovitatav p\u00e4evane annus on 1 portsjon (13 g). P\u00e4evast annust ei tohi \u00fcletada.<\/p>\n<p data-start=\"1373\" data-end=\"1769\"><strong data-start=\"1373\" data-end=\"1394\">Toote kasulikkus:<\/strong><br data-start=\"1394\" data-end=\"1397\" \/>XTEND Original Amino Acids on loodud selleks, et toetada intensiivsete treeningute korral lihaste taastumist, parandada vastupidavust ja v\u00e4hendada v\u00e4simust. BCAA-d (hargnenud ahelaga aminohapped) on asendamatud aminohapped, mis osalevad aktiivselt lihasvalkude s\u00fcnteesis ning aitavad v\u00e4hendada kataboolseid protsesse, mis tekivad intensiivse f\u00fc\u00fcsilise koormuse tulemusena.<\/p>\n<p data-start=\"1771\" data-end=\"2064\">L-leutsiin m\u00e4ngib v\u00f5tmerolli valkude s\u00fcnteesi stimuleerimisel ning aitab kaasa lihasmassi s\u00e4ilitamisele. L-isoleutsiin aitab reguleerida veresuhkru taset ning toetab energia tootmist lihastes. L-valiin aitab kaasa lihaste ainevahetusele ning v\u00e4hendab f\u00fc\u00fcsilise koormuse ajal tekkivat v\u00e4simust.<\/p>\n<p data-start=\"2066\" data-end=\"2392\">L-glutamiin on \u00fcks k\u00f5ige enam kehas leiduvatest aminohapetest ning osaleb lihaste taastumises, toetab soolestiku tervist ja immuuns\u00fcsteemi. Elektrol\u00fc\u00fcdid \u2013 naatrium ja kaalium \u2013 aitavad s\u00e4ilitada optimaalset vedeliku- ja elektrol\u00fc\u00fctide tasakaalu kehas, mis on oluline lihaste t\u00f6\u00f6v\u00f5ime ja enesetunde seisukohalt treeningu ajal.<\/p>\n<p data-start=\"2394\" data-end=\"2665\">T\u00e4nu v\u00e4rskendavale arbuusimaitsele on selle aminohapete joogi tarvitamine meeldiv ja sobib nii enne kui p\u00e4rast trenni. XTEND Original sobib sportlastele, kulturistidele, kestvusalade harrastajatele ning k\u00f5igile, kes soovivad toetada lihaste tervist ja paremat taastumist.<\/p>\n<p data-start=\"2667\" data-end=\"2693\"><strong data-start=\"2667\" data-end=\"2693\">Tootja: USA, Nutrabolt<\/strong><\/p>\n<p data-start=\"2695\" data-end=\"2709\"><strong data-start=\"2695\" data-end=\"2707\">Hoiatus:<\/strong><\/p>\n<ul data-start=\"2710\" data-end=\"3115\">\n<li data-start=\"2710\" data-end=\"2778\">\n<p data-start=\"2712\" data-end=\"2778\">Toidulisandit ei tohi kasutada mitmekesise toitumise asendajana.<\/p>\n<\/li>\n<li data-start=\"2779\" data-end=\"2870\">\n<p data-start=\"2781\" data-end=\"2870\">On oluline s\u00fc\u00fca mitmekesist ja tasakaalustatud toitu ning j\u00e4rgida tervislikku eluviisi.<\/p>\n<\/li>\n<li data-start=\"2871\" data-end=\"2991\">\n<p data-start=\"2873\" data-end=\"2991\">\u00c4rge \u00fcletage soovitatud p\u00e4evast annust; hoiatus, et toidulisandit ei tohi kasutada mitmekesise toitumise asendajana.<\/p>\n<\/li>\n<li data-start=\"2992\" data-end=\"3030\">\n<p data-start=\"2994\" data-end=\"3030\">Hoida lastele k\u00e4ttesaamatus kohas.<\/p>\n<\/li>\n<li data-start=\"3031\" data-end=\"3058\">\n<p data-start=\"3033\" data-end=\"3058\">Ei ole m\u00f5eldud lastele.<\/p>\n<\/li>\n<li data-start=\"3059\" data-end=\"3115\">\n<p data-start=\"3061\" data-end=\"3115\">Ei ole soovitatav rasedatele ega imetavatele naistele.<\/p>\n<\/li>\n<\/ul>\n<p data-start=\"3117\" data-end=\"3244\" data-is-last-node=\"\" data-is-only-node=\"\"><strong data-start=\"3117\" data-end=\"3166\">XTEND Original Amino Acids 90 servings Arbuus<\/strong> osta Eestis. <strong data-start=\"3180\" data-end=\"3229\">XTEND Original Amino Acids 90 servings Arbuus<\/strong> osta Euroopas.<\/p>\n","protected":false},"excerpt":{"rendered":"<p>Toote nimetus:XTEND Original Amino Acids 90 servings Watermelon Vorm:Pulber, 90 portsjonit Koostis ja soovitused kasutamiseks XTEND Original Amino Acids 90<\/p>\n","protected":false},"featured_media":67733,"comment_status":"open","ping_status":"closed","template":"","meta":{"_acf_changed":false},"product_brand":[2570],"product_cat":[5328,4875,4808],"product_tag":[6649],"class_list":{"0":"post-67727","1":"product","2":"type-product","3":"status-publish","4":"has-post-thumbnail","6":"product_brand-xtend","7":"product_cat-complex-amino-acids","8":"product_cat-bcaa-en","9":"product_cat-electrolytes","10":"product_tag-amino-acids-tag","11":"pa_kogda-prinimat-dobavku-before-workout","12":"pa_kogda-prinimat-dobavku-during-workout","13":"pa_milleks-recovery","14":"pa_milleks-strength-endurance","15":"pa_paritoluriik-usa-en","16":"pa_taste-watermelon","17":"pa_tootja-xtend-en","18":"pa_valjalaske-vorm-powder","20":"first","21":"instock","22":"featured","23":"purchasable","24":"product-type-simple"},"acf":[],"_links":{"self":[{"href":"https:\/\/www.irondust.eu\/en\/wp-json\/wp\/v2\/product\/67727","targetHints":{"allow":["GET"]}}],"collection":[{"href":"https:\/\/www.irondust.eu\/en\/wp-json\/wp\/v2\/product"}],"about":[{"href":"https:\/\/www.irondust.eu\/en\/wp-json\/wp\/v2\/types\/product"}],"replies":[{"embeddable":true,"href":"https:\/\/www.irondust.eu\/en\/wp-json\/wp\/v2\/comments?post=67727"}],"version-history":[{"count":0,"href":"https:\/\/www.irondust.eu\/en\/wp-json\/wp\/v2\/product\/67727\/revisions"}],"wp:featuredmedia":[{"embeddable":true,"href":"https:\/\/www.irondust.eu\/en\/wp-json\/wp\/v2\/media\/67733"}],"wp:attachment":[{"href":"https:\/\/www.irondust.eu\/en\/wp-json\/wp\/v2\/media?parent=67727"}],"wp:term":[{"taxonomy":"product_brand","embeddable":true,"href":"https:\/\/www.irondust.eu\/en\/wp-json\/wp\/v2\/product_brand?post=67727"},{"taxonomy":"product_cat","embeddable":true,"href":"https:\/\/www.irondust.eu\/en\/wp-json\/wp\/v2\/product_cat?post=67727"},{"taxonomy":"product_tag","embeddable":true,"href":"https:\/\/www.irondust.eu\/en\/wp-json\/wp\/v2\/product_tag?post=67727"}],"curies":[{"name":"wp","href":"https:\/\/api.w.org\/{rel}","templated":true}]}}