{"id":69802,"date":"2025-07-08T16:32:24","date_gmt":"2025-07-08T13:32:24","guid":{"rendered":"https:\/\/www.irondust.eu\/uncategorized\/now-foods-arginine-500mg-citrulline-120caps\/"},"modified":"2026-02-26T15:09:27","modified_gmt":"2026-02-26T13:09:27","slug":"now-foods-arginine-500mg-citrulline-120caps","status":"publish","type":"product","link":"https:\/\/www.irondust.eu\/en\/pre-workout-supplements\/pump-supplements\/now-foods-arginine-500mg-citrulline-120caps\/","title":{"rendered":"NOW Foods Arginine 500mg &amp; Citrulline 120caps"},"content":{"rendered":"<p data-start=\"0\" data-end=\"51\"><strong data-start=\"0\" data-end=\"49\">NOW Foods Arginine 500mg &amp; Citrulline 120caps<\/strong><\/p>\n<p data-start=\"53\" data-end=\"142\"><strong data-start=\"53\" data-end=\"62\">Vorm:<\/strong><br data-start=\"62\" data-end=\"65\" \/>Kapslid, 120 kapslit, iga kapsel sisaldab 500 mg arginiini ja tsitrulliini.<\/p>\n<p data-start=\"144\" data-end=\"368\"><strong data-start=\"144\" data-end=\"182\">Koostis ja soovituslik kasutamine:<\/strong><br data-start=\"182\" data-end=\"185\" \/>Peamised koostisosad: L-Arginiin HCl (500 mg kapsli kohta), L-tsitrulliin (doos s\u00f5ltub tootespetsiifikast), t\u00e4iteained ja kapsli kest (tavaliselt taimne \u017eelatiin v\u00f5i taimne kapsel).<\/p>\n<p data-start=\"370\" data-end=\"591\">Kasutussoovitus: V\u00f5tke 1\u20132 kapslit p\u00e4evas koos toiduga v\u00f5i vastavalt vajadusele treeningueelse ergutuse toetamiseks. Soovitatav on konsulteerida arstiga enne toote kasutamist, eriti s\u00fcdame-veresoonkonna haiguste korral.<\/p>\n<p data-start=\"593\" data-end=\"926\"><strong data-start=\"593\" data-end=\"644\">Toetab vereringet ja sportlikku sooritusv\u00f5imet:<\/strong><br data-start=\"644\" data-end=\"647\" \/>L-Arginiin ja L-tsitrulliin on aminohapped, mis aitavad parandada l\u00e4mmastikoksiidi tootmist kehas. L\u00e4mmastikoksiid aitab laiendada veresooni, parandades verevarustust ja hapniku transporti lihastesse. See v\u00f5ib toetada sportlikku sooritusv\u00f5imet, taastumist ja \u00fcldist vereringet.<\/p>\n<p data-start=\"928\" data-end=\"1033\">Toode sobib sportlastele ja aktiivsetele inimestele, kes soovivad parandada oma j\u00f5udlust ja taastumist.<\/p>\n<p data-start=\"1035\" data-end=\"1064\"><strong data-start=\"1035\" data-end=\"1046\">Tootja:<\/strong> USA, NOW Foods.<\/p>\n<p data-start=\"1066\" data-end=\"1080\"><strong data-start=\"1066\" data-end=\"1078\">Hoiatus:<\/strong><\/p>\n<ul data-start=\"1081\" data-end=\"1411\">\n<li data-start=\"1081\" data-end=\"1149\">\n<p data-start=\"1083\" data-end=\"1149\">Toidulisandit ei tohi kasutada mitmekesise toitumise asendajana.<\/p>\n<\/li>\n<li data-start=\"1150\" data-end=\"1241\">\n<p data-start=\"1152\" data-end=\"1241\">Oluline on s\u00fc\u00fca mitmekesist ja tasakaalustatud toitu ning j\u00e4rgida tervislikku eluviisi.<\/p>\n<\/li>\n<li data-start=\"1242\" data-end=\"1285\">\n<p data-start=\"1244\" data-end=\"1285\">\u00c4rge \u00fcletage soovitatud p\u00e4evast annust.<\/p>\n<\/li>\n<li data-start=\"1286\" data-end=\"1324\">\n<p data-start=\"1288\" data-end=\"1324\">Hoida lastele k\u00e4ttesaamatus kohas.<\/p>\n<\/li>\n<li data-start=\"1325\" data-end=\"1352\">\n<p data-start=\"1327\" data-end=\"1352\">Ei ole m\u00f5eldud lastele.<\/p>\n<\/li>\n<li data-start=\"1353\" data-end=\"1411\">\n<p data-start=\"1355\" data-end=\"1411\">Ei ole soovitatav rasedatele ega imetavatele naistele.<\/p>\n<\/li>\n<\/ul>\n<p data-start=\"1413\" data-end=\"1532\" data-is-last-node=\"\" data-is-only-node=\"\"><strong>NOW Foods Arginine 500mg &amp; Citrulline 120caps osta Eestis. NOW Foods Arginine 500mg &amp; Citrulline 120caps osta Euroopas.<\/strong><\/p>\n","protected":false},"excerpt":{"rendered":"<p>NOW Foods Arginine 500mg &amp; Citrulline 120caps Vorm:Kapslid, 120 kapslit, iga kapsel sisaldab 500 mg arginiini ja tsitrulliini. Koostis ja<\/p>\n","protected":false},"featured_media":58601,"comment_status":"open","ping_status":"closed","template":"","meta":{"_acf_changed":false},"product_brand":[2576],"product_cat":[4880,4882,4806,7834,5335],"product_tag":[6649],"class_list":{"0":"post-69802","1":"product","2":"type-product","3":"status-publish","4":"has-post-thumbnail","6":"product_brand-now","7":"product_cat-l-arginine","8":"product_cat-l-citrulline","9":"product_cat-pre-workout-supplements","10":"product_cat-pump-supplements","11":"product_cat-single-amino-acids","12":"product_tag-amino-acids-tag","13":"pa_kogda-prinimat-dobavku-before-workout","14":"pa_milleks-strength-endurance","15":"pa_paritoluriik-usa-en","16":"pa_tervis-blood-vessels-and-heart-en","17":"pa_tootja-now-en","18":"pa_valjalaske-vorm-capsules","20":"first","21":"instock","22":"shipping-taxable","23":"purchasable","24":"product-type-simple"},"acf":[],"_links":{"self":[{"href":"https:\/\/www.irondust.eu\/en\/wp-json\/wp\/v2\/product\/69802","targetHints":{"allow":["GET"]}}],"collection":[{"href":"https:\/\/www.irondust.eu\/en\/wp-json\/wp\/v2\/product"}],"about":[{"href":"https:\/\/www.irondust.eu\/en\/wp-json\/wp\/v2\/types\/product"}],"replies":[{"embeddable":true,"href":"https:\/\/www.irondust.eu\/en\/wp-json\/wp\/v2\/comments?post=69802"}],"version-history":[{"count":1,"href":"https:\/\/www.irondust.eu\/en\/wp-json\/wp\/v2\/product\/69802\/revisions"}],"predecessor-version":[{"id":78801,"href":"https:\/\/www.irondust.eu\/en\/wp-json\/wp\/v2\/product\/69802\/revisions\/78801"}],"wp:featuredmedia":[{"embeddable":true,"href":"https:\/\/www.irondust.eu\/en\/wp-json\/wp\/v2\/media\/58601"}],"wp:attachment":[{"href":"https:\/\/www.irondust.eu\/en\/wp-json\/wp\/v2\/media?parent=69802"}],"wp:term":[{"taxonomy":"product_brand","embeddable":true,"href":"https:\/\/www.irondust.eu\/en\/wp-json\/wp\/v2\/product_brand?post=69802"},{"taxonomy":"product_cat","embeddable":true,"href":"https:\/\/www.irondust.eu\/en\/wp-json\/wp\/v2\/product_cat?post=69802"},{"taxonomy":"product_tag","embeddable":true,"href":"https:\/\/www.irondust.eu\/en\/wp-json\/wp\/v2\/product_tag?post=69802"}],"curies":[{"name":"wp","href":"https:\/\/api.w.org\/{rel}","templated":true}]}}