{"id":70495,"date":"2025-08-30T15:51:54","date_gmt":"2025-08-30T12:51:54","guid":{"rendered":"https:\/\/www.irondust.eu\/uncategorized\/ostrovit-sportlik-kruus-340ml-kollane\/"},"modified":"2025-11-11T14:17:02","modified_gmt":"2025-11-11T12:17:02","slug":"ostrovit-sports-mug-340ml-yellow","status":"publish","type":"product","link":"https:\/\/www.irondust.eu\/en\/sports-accessories\/thermal-mugs\/ostrovit-sports-mug-340ml-yellow\/","title":{"rendered":"OstroVit Sports Mug 340 ml Yellow"},"content":{"rendered":"<p data-start=\"67\" data-end=\"109\"><strong data-start=\"67\" data-end=\"109\">OstroVit Sportlik kruus 340 ml kollane<\/strong><\/p>\n<p data-start=\"111\" data-end=\"466\">OstroVit sportlik kruus 340 ml kollases v\u00e4rvitoonis on ideaalne valik aktiivse elustiiliga inimesele. Vastupidavast materjalist valmistatud kruus sobib suurep\u00e4raselt nii kuumade kui ka k\u00fclmade jookide jaoks, olles mugav igap\u00e4evaseks kasutamiseks t\u00f6\u00f6l, kodus v\u00f5i treeningute vahelisel ajal. Erk kollane v\u00e4rv lisab energiat ja r\u00f5\u00f5msat meeleolu igasse p\u00e4eva.<\/p>\n<p data-start=\"468\" data-end=\"784\">Kruus on h\u00e4sti hoitav, k\u00e4epidemega ja paraja mahuga, et pakkuda piisavalt joogi nautimist ilma liigse kaaluta. See on suurep\u00e4rane kingiidee spordis\u00f5pradele v\u00f5i neile, kes armastavad kvaliteetseid ja stiilseid tarvikuid. Praktiline valik inimestele, kes hindavad funktsionaalsust, vastupidavust ja sportlikku disaini.<\/p>\n","protected":false},"excerpt":{"rendered":"<p>OstroVit Sportlik kruus 340 ml kollane OstroVit sportlik kruus 340 ml kollases v\u00e4rvitoonis on ideaalne valik aktiivse elustiiliga inimesele. Vastupidavast<\/p>\n","protected":false},"featured_media":56905,"comment_status":"open","ping_status":"closed","template":"","meta":{"_acf_changed":false},"product_brand":[2592],"product_cat":[6305,5379],"product_tag":[6648],"class_list":{"0":"post-70495","1":"product","2":"type-product","3":"status-publish","4":"has-post-thumbnail","6":"product_brand-ostrovit","7":"product_cat-thermal-mugs","8":"product_cat-sports-accessories","9":"product_tag-accessories-tag","10":"pa_material-plastic","11":"pa_paritoluriik-poland","12":"pa_tootekategooriad-accessories","13":"pa_tootja-ostrovit-en","15":"first","16":"instock","17":"shipping-taxable","18":"purchasable","19":"product-type-simple"},"acf":[],"_links":{"self":[{"href":"https:\/\/www.irondust.eu\/en\/wp-json\/wp\/v2\/product\/70495","targetHints":{"allow":["GET"]}}],"collection":[{"href":"https:\/\/www.irondust.eu\/en\/wp-json\/wp\/v2\/product"}],"about":[{"href":"https:\/\/www.irondust.eu\/en\/wp-json\/wp\/v2\/types\/product"}],"replies":[{"embeddable":true,"href":"https:\/\/www.irondust.eu\/en\/wp-json\/wp\/v2\/comments?post=70495"}],"version-history":[{"count":0,"href":"https:\/\/www.irondust.eu\/en\/wp-json\/wp\/v2\/product\/70495\/revisions"}],"wp:featuredmedia":[{"embeddable":true,"href":"https:\/\/www.irondust.eu\/en\/wp-json\/wp\/v2\/media\/56905"}],"wp:attachment":[{"href":"https:\/\/www.irondust.eu\/en\/wp-json\/wp\/v2\/media?parent=70495"}],"wp:term":[{"taxonomy":"product_brand","embeddable":true,"href":"https:\/\/www.irondust.eu\/en\/wp-json\/wp\/v2\/product_brand?post=70495"},{"taxonomy":"product_cat","embeddable":true,"href":"https:\/\/www.irondust.eu\/en\/wp-json\/wp\/v2\/product_cat?post=70495"},{"taxonomy":"product_tag","embeddable":true,"href":"https:\/\/www.irondust.eu\/en\/wp-json\/wp\/v2\/product_tag?post=70495"}],"curies":[{"name":"wp","href":"https:\/\/api.w.org\/{rel}","templated":true}]}}